{"id":921,"date":"2025-07-14T18:31:00","date_gmt":"2025-07-14T18:31:00","guid":{"rendered":"https:\/\/fr6productions.com\/?page_id=921"},"modified":"2026-01-16T20:00:31","modified_gmt":"2026-01-16T20:00:31","slug":"joallerie-st-jean","status":"publish","type":"page","link":"https:\/\/fr6productions.com\/en\/joallerie-st-jean\/","title":{"rendered":"Joallerie St Jean"},"content":{"rendered":"<div data-elementor-type=\"wp-page\" data-elementor-id=\"921\" class=\"elementor elementor-921\" data-elementor-post-type=\"page\">\n\t\t\t\t<div class=\"elementor-element elementor-element-273dfcf1 e-flex e-con-boxed e-con e-parent\" data-id=\"273dfcf1\" data-element_type=\"container\" data-settings=\"{&quot;background_background&quot;:&quot;classic&quot;}\">\n\t\t\t\t\t<div class=\"e-con-inner\">\n\t\t\t\t\t<\/div>\n\t\t\t\t<\/div>\n\t\t<div class=\"elementor-element elementor-element-5f16a429 e-flex e-con-boxed e-con e-parent\" data-id=\"5f16a429\" data-element_type=\"container\" data-settings=\"{&quot;background_background&quot;:&quot;classic&quot;}\">\n\t\t\t\t\t<div class=\"e-con-inner\">\n\t\t\t\t<div class=\"elementor-element elementor-element-5727d63c elementor-widget elementor-widget-heading\" data-id=\"5727d63c\" data-element_type=\"widget\" data-widget_type=\"heading.default\">\n\t\t\t\t<div class=\"elementor-widget-container\">\n\t\t\t\t\t<h2 class=\"elementor-heading-title elementor-size-default\">Joallerie St Jean<\/h2>\t\t\t\t<\/div>\n\t\t\t\t<\/div>\n\t\t\t\t<div class=\"elementor-element elementor-element-4ad97e72 elementor-widget elementor-widget-text-editor\" data-id=\"4ad97e72\" data-element_type=\"widget\" data-widget_type=\"text-editor.default\">\n\t\t\t\t<div class=\"elementor-widget-container\">\n\t\t\t\t\t\t\t\t\t<p>L&rsquo;art de porter la confiance<\/p>\t\t\t\t\t\t\t\t<\/div>\n\t\t\t\t<\/div>\n\t\t\t\t<div class=\"elementor-element elementor-element-46e82468 elementor-widget-divider--view-line elementor-widget elementor-widget-divider\" data-id=\"46e82468\" data-element_type=\"widget\" data-widget_type=\"divider.default\">\n\t\t\t\t<div class=\"elementor-widget-container\">\n\t\t\t\t\t\t\t<div class=\"elementor-divider\">\n\t\t\t<span class=\"elementor-divider-separator\">\n\t\t\t\t\t\t<\/span>\n\t\t<\/div>\n\t\t\t\t\t\t<\/div>\n\t\t\t\t<\/div>\n\t\t\t\t\t<\/div>\n\t\t\t\t<\/div>\n\t\t<div class=\"elementor-element elementor-element-4f284b6d e-flex e-con-boxed e-con e-parent\" data-id=\"4f284b6d\" data-element_type=\"container\" data-settings=\"{&quot;background_background&quot;:&quot;classic&quot;}\">\n\t\t\t\t\t<div class=\"e-con-inner\">\n\t\t\t\t\t<\/div>\n\t\t\t\t<\/div>\n\t\t<div class=\"elementor-element elementor-element-35de6764 e-flex e-con-boxed e-con e-parent\" data-id=\"35de6764\" data-element_type=\"container\" data-settings=\"{&quot;background_background&quot;:&quot;classic&quot;}\">\n\t\t\t\t\t<div class=\"e-con-inner\">\n\t\t<div class=\"elementor-element elementor-element-765608a3 e-con-full e-flex e-con e-child\" data-id=\"765608a3\" data-element_type=\"container\">\n\t\t\t\t<div class=\"elementor-element elementor-element-5dfd1cdd elementor-widget elementor-widget-heading\" data-id=\"5dfd1cdd\" data-element_type=\"widget\" data-widget_type=\"heading.default\">\n\t\t\t\t<div class=\"elementor-widget-container\">\n\t\t\t\t\t<h2 class=\"elementor-heading-title elementor-size-default\">Prestations<\/h2>\t\t\t\t<\/div>\n\t\t\t\t<\/div>\n\t\t\t\t<div class=\"elementor-element elementor-element-7caa619b elementor-widget elementor-widget-text-editor\" data-id=\"7caa619b\" data-element_type=\"widget\" data-widget_type=\"text-editor.default\">\n\t\t\t\t<div class=\"elementor-widget-container\">\n\t\t\t\t\t\t\t\t\t<p>Production vid\u00e9os<\/p><p>Photographie<\/p><p>Capsules r\u00e9seaux sociaux\u00a0<\/p>\t\t\t\t\t\t\t\t<\/div>\n\t\t\t\t<\/div>\n\t\t\t\t<div class=\"elementor-element elementor-element-2e5d2136 elementor-widget elementor-widget-heading\" data-id=\"2e5d2136\" data-element_type=\"widget\" data-widget_type=\"heading.default\">\n\t\t\t\t<div class=\"elementor-widget-container\">\n\t\t\t\t\t<h2 class=\"elementor-heading-title elementor-size-default\">Expertise<\/h2>\t\t\t\t<\/div>\n\t\t\t\t<\/div>\n\t\t\t\t<div class=\"elementor-element elementor-element-73d8fa8c elementor-widget elementor-widget-text-editor\" data-id=\"73d8fa8c\" data-element_type=\"widget\" data-widget_type=\"text-editor.default\">\n\t\t\t\t<div class=\"elementor-widget-container\">\n\t\t\t\t\t\t\t\t\t<p>Joaillier\u00a0<\/p>\t\t\t\t\t\t\t\t<\/div>\n\t\t\t\t<\/div>\n\t\t\t\t<div class=\"elementor-element elementor-element-1c4dd427 elementor-widget elementor-widget-heading\" data-id=\"1c4dd427\" data-element_type=\"widget\" data-widget_type=\"heading.default\">\n\t\t\t\t<div class=\"elementor-widget-container\">\n\t\t\t\t\t<h2 class=\"elementor-heading-title elementor-size-default\">L'essence<\/h2>\t\t\t\t<\/div>\n\t\t\t\t<\/div>\n\t\t\t\t<div class=\"elementor-element elementor-element-1cd396c3 elementor-widget__width-initial elementor-widget elementor-widget-text-editor\" data-id=\"1cd396c3\" data-element_type=\"widget\" data-widget_type=\"text-editor.default\">\n\t\t\t\t<div class=\"elementor-widget-container\">\n\t\t\t\t\t\t\t\t\t<p data-pm-slice=\"1 1 []\">Plus qu\u2019un v\u00eatement, la grandeur. Chaque pi\u00e8ce sign\u00e9e Top&amp;Notch Custom est taill\u00e9e pour exalter l\u2019attitude et affirmer la grandeur de celui qui la porte. Nous vous montrons comment l\u2019\u00e9l\u00e9gance ne se porte pas mais se vit.<\/p>\t\t\t\t\t\t\t\t<\/div>\n\t\t\t\t<\/div>\n\t\t\t\t<\/div>\n\t\t<div class=\"elementor-element elementor-element-7e1fd032 e-con-full e-flex e-con e-child\" data-id=\"7e1fd032\" data-element_type=\"container\">\n\t\t\t\t<div class=\"elementor-element elementor-element-2dafe92b elementor-widget elementor-widget-video\" data-id=\"2dafe92b\" data-element_type=\"widget\" data-settings=\"{&quot;video_type&quot;:&quot;hosted&quot;,&quot;show_image_overlay&quot;:&quot;yes&quot;,&quot;image_overlay&quot;:{&quot;url&quot;:&quot;https:\\\/\\\/fr6productions.com\\\/wp-content\\\/uploads\\\/2025\\\/12\\\/Capture-decran-2025-12-31-a-17.56.35.png&quot;,&quot;id&quot;:2371,&quot;size&quot;:&quot;&quot;,&quot;alt&quot;:&quot;&quot;,&quot;source&quot;:&quot;library&quot;},&quot;controls&quot;:&quot;yes&quot;}\" data-widget_type=\"video.default\">\n\t\t\t\t<div class=\"elementor-widget-container\">\n\t\t\t\t\t\t\t<div class=\"e-hosted-video elementor-wrapper elementor-open-inline\">\n\t\t\t\t\t<video class=\"elementor-video\" src=\"https:\/\/fr6productions.b-cdn.net\/wp-content\/uploads\/2026\/01-26\/St-jean-joaillerie.mp4\" controls=\"\" preload=\"metadata\" controlslist=\"nodownload\"><\/video>\n\t\t\t\t\t\t<div class=\"elementor-custom-embed-image-overlay\" style=\"background-image: url(https:\/\/fr6productions.com\/wp-content\/uploads\/2025\/12\/Capture-decran-2025-12-31-a-17.56.35.png);\">\n\t\t\t\t\t\t\t\t\t\t\t\t\t\t\t\t<div class=\"elementor-custom-embed-play\" role=\"button\" aria-label=\"Play Video\" tabindex=\"0\">\n\t\t\t\t\t\t\t<svg aria-hidden=\"true\" class=\"e-font-icon-svg e-eicon-play\" viewbox=\"0 0 1000 1000\" xmlns=\"http:\/\/www.w3.org\/2000\/svg\"><path d=\"M838 162C746 71 633 25 500 25 371 25 258 71 163 162 71 254 25 367 25 500 25 633 71 746 163 837 254 929 367 979 500 979 633 979 746 933 838 837 929 746 975 633 975 500 975 367 929 254 838 162M808 192C892 279 933 379 933 500 933 621 892 725 808 808 725 892 621 938 500 938 379 938 279 896 196 808 113 725 67 621 67 500 67 379 108 279 196 192 279 108 383 62 500 62 621 62 721 108 808 192M438 392V642L642 517 438 392Z\"><\/path><\/svg>\t\t\t\t\t\t<\/div>\n\t\t\t\t\t\t\t\t\t<\/div>\n\t\t\t\t\t<\/div>\n\t\t\t\t\t\t<\/div>\n\t\t\t\t<\/div>\n\t\t\t\t<\/div>\n\t\t\t\t\t<\/div>\n\t\t\t\t<\/div>\n\t\t\t\t<\/div>","protected":false},"excerpt":{"rendered":"<p>Joallerie St Jean L&rsquo;art de porter la confiance Prestations Production vid\u00e9os Photographie Capsules r\u00e9seaux sociaux\u00a0 Expertise Joaillier\u00a0 L&rsquo;essence Plus qu\u2019un [&hellip;]<\/p>","protected":false},"author":1,"featured_media":0,"parent":0,"menu_order":0,"comment_status":"closed","ping_status":"closed","template":"","meta":{"_acf_changed":false,"site-sidebar-layout":"no-sidebar","site-content-layout":"","ast-site-content-layout":"full-width-container","site-content-style":"default","site-sidebar-style":"default","ast-global-header-display":"","ast-banner-title-visibility":"","ast-main-header-display":"","ast-hfb-above-header-display":"","ast-hfb-below-header-display":"","ast-hfb-mobile-header-display":"","site-post-title":"disabled","ast-breadcrumbs-content":"","ast-featured-img":"disabled","footer-sml-layout":"","theme-transparent-header-meta":"","adv-header-id-meta":"","stick-header-meta":"","header-above-stick-meta":"","header-main-stick-meta":"","header-below-stick-meta":"","astra-migrate-meta-layouts":"default","ast-page-background-enabled":"default","ast-page-background-meta":{"desktop":{"background-color":"var(--ast-global-color-5)","background-image":"","background-repeat":"repeat","background-position":"center center","background-size":"auto","background-attachment":"scroll","background-type":"","background-media":"","overlay-type":"","overlay-color":"","overlay-opacity":"","overlay-gradient":""},"tablet":{"background-color":"","background-image":"","background-repeat":"repeat","background-position":"center center","background-size":"auto","background-attachment":"scroll","background-type":"","background-media":"","overlay-type":"","overlay-color":"","overlay-opacity":"","overlay-gradient":""},"mobile":{"background-color":"","background-image":"","background-repeat":"repeat","background-position":"center center","background-size":"auto","background-attachment":"scroll","background-type":"","background-media":"","overlay-type":"","overlay-color":"","overlay-opacity":"","overlay-gradient":""}},"ast-content-background-meta":{"desktop":{"background-color":"var(--ast-global-color-4)","background-image":"","background-repeat":"repeat","background-position":"center center","background-size":"auto","background-attachment":"scroll","background-type":"","background-media":"","overlay-type":"","overlay-color":"","overlay-opacity":"","overlay-gradient":""},"tablet":{"background-color":"var(--ast-global-color-4)","background-image":"","background-repeat":"repeat","background-position":"center center","background-size":"auto","background-attachment":"scroll","background-type":"","background-media":"","overlay-type":"","overlay-color":"","overlay-opacity":"","overlay-gradient":""},"mobile":{"background-color":"var(--ast-global-color-4)","background-image":"","background-repeat":"repeat","background-position":"center center","background-size":"auto","background-attachment":"scroll","background-type":"","background-media":"","overlay-type":"","overlay-color":"","overlay-opacity":"","overlay-gradient":""}},"footnotes":""},"class_list":["post-921","page","type-page","status-publish","hentry"],"acf":[],"yoast_head":"<!-- This site is optimized with the Yoast SEO plugin v24.9 - https:\/\/yoast.com\/wordpress\/plugins\/seo\/ -->\n<title>Joallerie St Jean - FR6 Productions<\/title>\n<meta name=\"robots\" content=\"index, follow, max-snippet:-1, max-image-preview:large, max-video-preview:-1\" \/>\n<link rel=\"canonical\" href=\"https:\/\/fr6productions.com\/en\/joallerie-st-jean\/\" \/>\n<meta property=\"og:locale\" content=\"en_US\" \/>\n<meta property=\"og:type\" content=\"article\" \/>\n<meta property=\"og:title\" content=\"Joallerie St Jean - FR6 Productions\" \/>\n<meta property=\"og:description\" content=\"Joallerie St Jean L&rsquo;art de porter la confiance Prestations Production vid\u00e9os Photographie Capsules r\u00e9seaux sociaux\u00a0 Expertise Joaillier\u00a0 L&rsquo;essence Plus qu\u2019un [&hellip;]\" \/>\n<meta property=\"og:url\" content=\"https:\/\/fr6productions.com\/en\/joallerie-st-jean\/\" \/>\n<meta property=\"og:site_name\" content=\"FR6 Productions\" \/>\n<meta property=\"article:modified_time\" content=\"2026-01-16T20:00:31+00:00\" \/>\n<meta property=\"og:image\" content=\"https:\/\/fr6productions.com\/wp-content\/uploads\/2026\/01\/Capture-decran-2026-01-01-a-14.19.46.png\" \/>\n\t<meta property=\"og:image:width\" content=\"1060\" \/>\n\t<meta property=\"og:image:height\" content=\"542\" \/>\n\t<meta property=\"og:image:type\" content=\"image\/png\" \/>\n<meta name=\"twitter:card\" content=\"summary_large_image\" \/>\n<meta name=\"twitter:label1\" content=\"Est. reading time\" \/>\n\t<meta name=\"twitter:data1\" content=\"1 minute\" \/>\n<script type=\"application\/ld+json\" class=\"yoast-schema-graph\">{\"@context\":\"https:\/\/schema.org\",\"@graph\":[{\"@type\":\"WebPage\",\"@id\":\"https:\/\/fr6productions.com\/joallerie-st-jean\/\",\"url\":\"https:\/\/fr6productions.com\/joallerie-st-jean\/\",\"name\":\"Joallerie St Jean - FR6 Productions\",\"isPartOf\":{\"@id\":\"https:\/\/fr6productions.com\/#website\"},\"datePublished\":\"2025-07-14T18:31:00+00:00\",\"dateModified\":\"2026-01-16T20:00:31+00:00\",\"breadcrumb\":{\"@id\":\"https:\/\/fr6productions.com\/joallerie-st-jean\/#breadcrumb\"},\"inLanguage\":\"en-US\",\"potentialAction\":[{\"@type\":\"ReadAction\",\"target\":[\"https:\/\/fr6productions.com\/joallerie-st-jean\/\"]}]},{\"@type\":\"BreadcrumbList\",\"@id\":\"https:\/\/fr6productions.com\/joallerie-st-jean\/#breadcrumb\",\"itemListElement\":[{\"@type\":\"ListItem\",\"position\":1,\"name\":\"Home\",\"item\":\"https:\/\/fr6productions.com\/\"},{\"@type\":\"ListItem\",\"position\":2,\"name\":\"Joallerie St Jean\"}]},{\"@type\":\"WebSite\",\"@id\":\"https:\/\/fr6productions.com\/#website\",\"url\":\"https:\/\/fr6productions.com\/\",\"name\":\"FR6 Productions\",\"description\":\"\",\"publisher\":{\"@id\":\"https:\/\/fr6productions.com\/#organization\"},\"potentialAction\":[{\"@type\":\"SearchAction\",\"target\":{\"@type\":\"EntryPoint\",\"urlTemplate\":\"https:\/\/fr6productions.com\/?s={search_term_string}\"},\"query-input\":{\"@type\":\"PropertyValueSpecification\",\"valueRequired\":true,\"valueName\":\"search_term_string\"}}],\"inLanguage\":\"en-US\"},{\"@type\":\"Organization\",\"@id\":\"https:\/\/fr6productions.com\/#organization\",\"name\":\"FR6 Productions\",\"url\":\"https:\/\/fr6productions.com\/\",\"logo\":{\"@type\":\"ImageObject\",\"inLanguage\":\"en-US\",\"@id\":\"https:\/\/fr6productions.com\/#\/schema\/logo\/image\/\",\"url\":\"https:\/\/fr6productions.com\/wp-content\/uploads\/2026\/01\/LOGO-FR6-e1768359655788.png\",\"contentUrl\":\"https:\/\/fr6productions.com\/wp-content\/uploads\/2026\/01\/LOGO-FR6-e1768359655788.png\",\"width\":1034,\"height\":584,\"caption\":\"FR6 Productions\"},\"image\":{\"@id\":\"https:\/\/fr6productions.com\/#\/schema\/logo\/image\/\"}}]}<\/script>\n<!-- \/ Yoast SEO plugin. -->","yoast_head_json":{"title":"Joallerie St Jean - FR6 Productions","robots":{"index":"index","follow":"follow","max-snippet":"max-snippet:-1","max-image-preview":"max-image-preview:large","max-video-preview":"max-video-preview:-1"},"canonical":"https:\/\/fr6productions.com\/en\/joallerie-st-jean\/","og_locale":"en_US","og_type":"article","og_title":"Joallerie St Jean - FR6 Productions","og_description":"Joallerie St Jean L&rsquo;art de porter la confiance Prestations Production vid\u00e9os Photographie Capsules r\u00e9seaux sociaux\u00a0 Expertise Joaillier\u00a0 L&rsquo;essence Plus qu\u2019un [&hellip;]","og_url":"https:\/\/fr6productions.com\/en\/joallerie-st-jean\/","og_site_name":"FR6 Productions","article_modified_time":"2026-01-16T20:00:31+00:00","og_image":[{"width":1060,"height":542,"url":"https:\/\/fr6productions.com\/wp-content\/uploads\/2026\/01\/Capture-decran-2026-01-01-a-14.19.46.png","type":"image\/png"}],"twitter_card":"summary_large_image","twitter_misc":{"Est. reading time":"1 minute"},"schema":{"@context":"https:\/\/schema.org","@graph":[{"@type":"WebPage","@id":"https:\/\/fr6productions.com\/joallerie-st-jean\/","url":"https:\/\/fr6productions.com\/joallerie-st-jean\/","name":"Joallerie St Jean - FR6 Productions","isPartOf":{"@id":"https:\/\/fr6productions.com\/#website"},"datePublished":"2025-07-14T18:31:00+00:00","dateModified":"2026-01-16T20:00:31+00:00","breadcrumb":{"@id":"https:\/\/fr6productions.com\/joallerie-st-jean\/#breadcrumb"},"inLanguage":"en-US","potentialAction":[{"@type":"ReadAction","target":["https:\/\/fr6productions.com\/joallerie-st-jean\/"]}]},{"@type":"BreadcrumbList","@id":"https:\/\/fr6productions.com\/joallerie-st-jean\/#breadcrumb","itemListElement":[{"@type":"ListItem","position":1,"name":"Home","item":"https:\/\/fr6productions.com\/"},{"@type":"ListItem","position":2,"name":"Joallerie St Jean"}]},{"@type":"WebSite","@id":"https:\/\/fr6productions.com\/#website","url":"https:\/\/fr6productions.com\/","name":"FR6 Productions","description":"","publisher":{"@id":"https:\/\/fr6productions.com\/#organization"},"potentialAction":[{"@type":"SearchAction","target":{"@type":"EntryPoint","urlTemplate":"https:\/\/fr6productions.com\/?s={search_term_string}"},"query-input":{"@type":"PropertyValueSpecification","valueRequired":true,"valueName":"search_term_string"}}],"inLanguage":"en-US"},{"@type":"Organization","@id":"https:\/\/fr6productions.com\/#organization","name":"FR6 Productions","url":"https:\/\/fr6productions.com\/","logo":{"@type":"ImageObject","inLanguage":"en-US","@id":"https:\/\/fr6productions.com\/#\/schema\/logo\/image\/","url":"https:\/\/fr6productions.com\/wp-content\/uploads\/2026\/01\/LOGO-FR6-e1768359655788.png","contentUrl":"https:\/\/fr6productions.com\/wp-content\/uploads\/2026\/01\/LOGO-FR6-e1768359655788.png","width":1034,"height":584,"caption":"FR6 Productions"},"image":{"@id":"https:\/\/fr6productions.com\/#\/schema\/logo\/image\/"}}]}},"_links":{"self":[{"href":"https:\/\/fr6productions.com\/en\/wp-json\/wp\/v2\/pages\/921","targetHints":{"allow":["GET"]}}],"collection":[{"href":"https:\/\/fr6productions.com\/en\/wp-json\/wp\/v2\/pages"}],"about":[{"href":"https:\/\/fr6productions.com\/en\/wp-json\/wp\/v2\/types\/page"}],"author":[{"embeddable":true,"href":"https:\/\/fr6productions.com\/en\/wp-json\/wp\/v2\/users\/1"}],"replies":[{"embeddable":true,"href":"https:\/\/fr6productions.com\/en\/wp-json\/wp\/v2\/comments?post=921"}],"version-history":[{"count":35,"href":"https:\/\/fr6productions.com\/en\/wp-json\/wp\/v2\/pages\/921\/revisions"}],"predecessor-version":[{"id":3188,"href":"https:\/\/fr6productions.com\/en\/wp-json\/wp\/v2\/pages\/921\/revisions\/3188"}],"wp:attachment":[{"href":"https:\/\/fr6productions.com\/en\/wp-json\/wp\/v2\/media?parent=921"}],"curies":[{"name":"wp","href":"https:\/\/api.w.org\/{rel}","templated":true}]}}