{"id":1953,"date":"2025-12-11T18:26:53","date_gmt":"2025-12-11T18:26:53","guid":{"rendered":"https:\/\/fr6productions.com\/?page_id=1953"},"modified":"2026-01-07T18:11:39","modified_gmt":"2026-01-07T18:11:39","slug":"vea","status":"publish","type":"page","link":"https:\/\/fr6productions.com\/en\/vea\/","title":{"rendered":"VEA"},"content":{"rendered":"<div data-elementor-type=\"wp-page\" data-elementor-id=\"1953\" class=\"elementor elementor-1953\" data-elementor-post-type=\"page\">\n\t\t\t\t<div class=\"elementor-element elementor-element-7248376 e-flex e-con-boxed e-con e-parent\" data-id=\"7248376\" data-element_type=\"container\" data-settings=\"{&quot;background_background&quot;:&quot;classic&quot;}\">\n\t\t\t\t\t<div class=\"e-con-inner\">\n\t\t\t\t\t<\/div>\n\t\t\t\t<\/div>\n\t\t<div class=\"elementor-element elementor-element-2b4b1fd e-flex e-con-boxed e-con e-parent\" data-id=\"2b4b1fd\" data-element_type=\"container\" data-settings=\"{&quot;background_background&quot;:&quot;classic&quot;}\">\n\t\t\t\t\t<div class=\"e-con-inner\">\n\t\t\t\t<div class=\"elementor-element elementor-element-76f53afe elementor-widget elementor-widget-heading\" data-id=\"76f53afe\" data-element_type=\"widget\" data-widget_type=\"heading.default\">\n\t\t\t\t<div class=\"elementor-widget-container\">\n\t\t\t\t\t<h2 class=\"elementor-heading-title elementor-size-default\">V.E.A.<\/h2>\t\t\t\t<\/div>\n\t\t\t\t<\/div>\n\t\t\t\t<div class=\"elementor-element elementor-element-325fcf88 elementor-widget elementor-widget-text-editor\" data-id=\"325fcf88\" data-element_type=\"widget\" data-widget_type=\"text-editor.default\">\n\t\t\t\t<div class=\"elementor-widget-container\">\n\t\t\t\t\t\t\t\t\t<div><div><p>Ode \u00e0 la puret\u00e9 automobile<\/p><\/div><\/div>\t\t\t\t\t\t\t\t<\/div>\n\t\t\t\t<\/div>\n\t\t\t\t<div class=\"elementor-element elementor-element-568abd98 elementor-widget-divider--view-line elementor-widget elementor-widget-divider\" data-id=\"568abd98\" data-element_type=\"widget\" data-widget_type=\"divider.default\">\n\t\t\t\t<div class=\"elementor-widget-container\">\n\t\t\t\t\t\t\t<div class=\"elementor-divider\">\n\t\t\t<span class=\"elementor-divider-separator\">\n\t\t\t\t\t\t<\/span>\n\t\t<\/div>\n\t\t\t\t\t\t<\/div>\n\t\t\t\t<\/div>\n\t\t\t\t\t<\/div>\n\t\t\t\t<\/div>\n\t\t<div class=\"elementor-element elementor-element-84df914 e-flex e-con-boxed e-con e-parent\" data-id=\"84df914\" data-element_type=\"container\" data-settings=\"{&quot;background_background&quot;:&quot;classic&quot;}\">\n\t\t\t\t\t<div class=\"e-con-inner\">\n\t\t<div class=\"elementor-element elementor-element-7ba069cc e-con-full e-flex e-con e-child\" data-id=\"7ba069cc\" data-element_type=\"container\">\n\t\t\t\t<div class=\"elementor-element elementor-element-51c3379b elementor-widget elementor-widget-heading\" data-id=\"51c3379b\" data-element_type=\"widget\" data-widget_type=\"heading.default\">\n\t\t\t\t<div class=\"elementor-widget-container\">\n\t\t\t\t\t<h2 class=\"elementor-heading-title elementor-size-default\">Prestations<\/h2>\t\t\t\t<\/div>\n\t\t\t\t<\/div>\n\t\t\t\t<div class=\"elementor-element elementor-element-51044b7f elementor-widget elementor-widget-text-editor\" data-id=\"51044b7f\" data-element_type=\"widget\" data-widget_type=\"text-editor.default\">\n\t\t\t\t<div class=\"elementor-widget-container\">\n\t\t\t\t\t\t\t\t\t<p>Production vid\u00e9o &#8211; HERO<\/p>\t\t\t\t\t\t\t\t<\/div>\n\t\t\t\t<\/div>\n\t\t\t\t<\/div>\n\t\t<div class=\"elementor-element elementor-element-64967a7f e-con-full e-flex e-con e-child\" data-id=\"64967a7f\" data-element_type=\"container\">\n\t\t\t\t<div class=\"elementor-element elementor-element-24f697bc elementor-widget elementor-widget-heading\" data-id=\"24f697bc\" data-element_type=\"widget\" data-widget_type=\"heading.default\">\n\t\t\t\t<div class=\"elementor-widget-container\">\n\t\t\t\t\t<h2 class=\"elementor-heading-title elementor-size-default\">Expertise<\/h2>\t\t\t\t<\/div>\n\t\t\t\t<\/div>\n\t\t\t\t<div class=\"elementor-element elementor-element-737600f1 elementor-widget elementor-widget-text-editor\" data-id=\"737600f1\" data-element_type=\"widget\" data-widget_type=\"text-editor.default\">\n\t\t\t\t<div class=\"elementor-widget-container\">\n\t\t\t\t\t\t\t\t\t<p>Club Automobile<\/p>\t\t\t\t\t\t\t\t<\/div>\n\t\t\t\t<\/div>\n\t\t\t\t<\/div>\n\t\t<div class=\"elementor-element elementor-element-4d8df1f5 e-con-full e-flex e-con e-child\" data-id=\"4d8df1f5\" data-element_type=\"container\">\n\t\t\t\t<div class=\"elementor-element elementor-element-408d43e9 elementor-widget elementor-widget-heading\" data-id=\"408d43e9\" data-element_type=\"widget\" data-widget_type=\"heading.default\">\n\t\t\t\t<div class=\"elementor-widget-container\">\n\t\t\t\t\t<h2 class=\"elementor-heading-title elementor-size-default\">L'essence<\/h2>\t\t\t\t<\/div>\n\t\t\t\t<\/div>\n\t\t\t\t<div class=\"elementor-element elementor-element-4e797d37 elementor-widget__width-initial elementor-widget elementor-widget-text-editor\" data-id=\"4e797d37\" data-element_type=\"widget\" data-widget_type=\"text-editor.default\">\n\t\t\t\t<div class=\"elementor-widget-container\">\n\t\t\t\t\t\t\t\t\t<p data-pm-slice=\"1 1 []\">VEA, c\u2019est un club o\u00f9 la nostalgie se vit au volant : celle d\u2019une \u00e9poque o\u00f9 la m\u00e9canique \u00e9tait pure et manufactur\u00e9e, sans artifices \u00e9lectroniques. Ces voitures anciennes, pr\u00e9serv\u00e9es avec soin, tracent sur les routes nord am\u00e9ricaines un lien discret entre h\u00e9ritage europ\u00e9en et passion.<\/p>\t\t\t\t\t\t\t\t<\/div>\n\t\t\t\t<\/div>\n\t\t\t\t<\/div>\n\t\t\t\t\t<\/div>\n\t\t\t\t<\/div>\n\t\t<div class=\"elementor-element elementor-element-b9f7d20 e-con-full e-flex e-con e-parent\" data-id=\"b9f7d20\" data-element_type=\"container\" data-settings=\"{&quot;background_background&quot;:&quot;classic&quot;}\">\n\t\t\t\t<div class=\"elementor-element elementor-element-b8950a1 elementor-widget elementor-widget-video\" data-id=\"b8950a1\" data-element_type=\"widget\" data-settings=\"{&quot;video_type&quot;:&quot;hosted&quot;,&quot;show_image_overlay&quot;:&quot;yes&quot;,&quot;image_overlay&quot;:{&quot;url&quot;:&quot;https:\\\/\\\/fr6productions.com\\\/wp-content\\\/uploads\\\/2026\\\/01\\\/16-1-scaled.png&quot;,&quot;id&quot;:2708,&quot;size&quot;:&quot;&quot;,&quot;alt&quot;:&quot;&quot;,&quot;source&quot;:&quot;library&quot;},&quot;controls&quot;:&quot;yes&quot;}\" data-widget_type=\"video.default\">\n\t\t\t\t<div class=\"elementor-widget-container\">\n\t\t\t\t\t\t\t<div class=\"e-hosted-video elementor-wrapper elementor-open-inline\">\n\t\t\t\t\t<video class=\"elementor-video\" src=\"https:\/\/fr6productions.b-cdn.net\/wp-content\/uploads\/2026\/01-26\/FR6xVEA.mp4\" controls=\"\" preload=\"metadata\" controlslist=\"nodownload\"><\/video>\n\t\t\t\t\t\t<div class=\"elementor-custom-embed-image-overlay\" style=\"background-image: url(https:\/\/fr6productions.com\/wp-content\/uploads\/2026\/01\/16-1-scaled.png);\">\n\t\t\t\t\t\t\t\t\t\t\t\t\t\t\t\t<div class=\"elementor-custom-embed-play\" role=\"button\" aria-label=\"Play Video\" tabindex=\"0\">\n\t\t\t\t\t\t\t<svg aria-hidden=\"true\" class=\"e-font-icon-svg e-eicon-play\" viewbox=\"0 0 1000 1000\" xmlns=\"http:\/\/www.w3.org\/2000\/svg\"><path d=\"M838 162C746 71 633 25 500 25 371 25 258 71 163 162 71 254 25 367 25 500 25 633 71 746 163 837 254 929 367 979 500 979 633 979 746 933 838 837 929 746 975 633 975 500 975 367 929 254 838 162M808 192C892 279 933 379 933 500 933 621 892 725 808 808 725 892 621 938 500 938 379 938 279 896 196 808 113 725 67 621 67 500 67 379 108 279 196 192 279 108 383 62 500 62 621 62 721 108 808 192M438 392V642L642 517 438 392Z\"><\/path><\/svg>\t\t\t\t\t\t<\/div>\n\t\t\t\t\t\t\t\t\t<\/div>\n\t\t\t\t\t<\/div>\n\t\t\t\t\t\t<\/div>\n\t\t\t\t<\/div>\n\t\t\t\t<\/div>\n\t\t\t\t<\/div>","protected":false},"excerpt":{"rendered":"<p>V.E.A. Ode \u00e0 la puret\u00e9 automobile Prestations Production vid\u00e9o &#8211; HERO Expertise Club Automobile L&rsquo;essence VEA, c\u2019est un club o\u00f9 [&hellip;]<\/p>","protected":false},"author":1,"featured_media":0,"parent":0,"menu_order":0,"comment_status":"closed","ping_status":"closed","template":"","meta":{"_acf_changed":false,"site-sidebar-layout":"no-sidebar","site-content-layout":"","ast-site-content-layout":"full-width-container","site-content-style":"default","site-sidebar-style":"default","ast-global-header-display":"","ast-banner-title-visibility":"","ast-main-header-display":"","ast-hfb-above-header-display":"","ast-hfb-below-header-display":"","ast-hfb-mobile-header-display":"","site-post-title":"disabled","ast-breadcrumbs-content":"","ast-featured-img":"disabled","footer-sml-layout":"","theme-transparent-header-meta":"","adv-header-id-meta":"","stick-header-meta":"","header-above-stick-meta":"","header-main-stick-meta":"","header-below-stick-meta":"","astra-migrate-meta-layouts":"default","ast-page-background-enabled":"default","ast-page-background-meta":{"desktop":{"background-color":"var(--ast-global-color-5)","background-image":"","background-repeat":"repeat","background-position":"center center","background-size":"auto","background-attachment":"scroll","background-type":"","background-media":"","overlay-type":"","overlay-color":"","overlay-opacity":"","overlay-gradient":""},"tablet":{"background-color":"","background-image":"","background-repeat":"repeat","background-position":"center center","background-size":"auto","background-attachment":"scroll","background-type":"","background-media":"","overlay-type":"","overlay-color":"","overlay-opacity":"","overlay-gradient":""},"mobile":{"background-color":"","background-image":"","background-repeat":"repeat","background-position":"center center","background-size":"auto","background-attachment":"scroll","background-type":"","background-media":"","overlay-type":"","overlay-color":"","overlay-opacity":"","overlay-gradient":""}},"ast-content-background-meta":{"desktop":{"background-color":"var(--ast-global-color-4)","background-image":"","background-repeat":"repeat","background-position":"center center","background-size":"auto","background-attachment":"scroll","background-type":"","background-media":"","overlay-type":"","overlay-color":"","overlay-opacity":"","overlay-gradient":""},"tablet":{"background-color":"var(--ast-global-color-4)","background-image":"","background-repeat":"repeat","background-position":"center center","background-size":"auto","background-attachment":"scroll","background-type":"","background-media":"","overlay-type":"","overlay-color":"","overlay-opacity":"","overlay-gradient":""},"mobile":{"background-color":"var(--ast-global-color-4)","background-image":"","background-repeat":"repeat","background-position":"center center","background-size":"auto","background-attachment":"scroll","background-type":"","background-media":"","overlay-type":"","overlay-color":"","overlay-opacity":"","overlay-gradient":""}},"footnotes":""},"class_list":["post-1953","page","type-page","status-publish","hentry"],"acf":[],"yoast_head":"<!-- This site is optimized with the Yoast SEO plugin v24.9 - https:\/\/yoast.com\/wordpress\/plugins\/seo\/ -->\n<title>VEA - FR6 Productions<\/title>\n<meta name=\"robots\" content=\"index, follow, max-snippet:-1, max-image-preview:large, max-video-preview:-1\" \/>\n<link rel=\"canonical\" href=\"https:\/\/fr6productions.com\/en\/vea\/\" \/>\n<meta property=\"og:locale\" content=\"en_US\" \/>\n<meta property=\"og:type\" content=\"article\" \/>\n<meta property=\"og:title\" content=\"VEA - FR6 Productions\" \/>\n<meta property=\"og:description\" content=\"V.E.A. Ode \u00e0 la puret\u00e9 automobile Prestations Production vid\u00e9o &#8211; HERO Expertise Club Automobile L&rsquo;essence VEA, c\u2019est un club o\u00f9 [&hellip;]\" \/>\n<meta property=\"og:url\" content=\"https:\/\/fr6productions.com\/en\/vea\/\" \/>\n<meta property=\"og:site_name\" content=\"FR6 Productions\" \/>\n<meta property=\"article:modified_time\" content=\"2026-01-07T18:11:39+00:00\" \/>\n<meta property=\"og:image\" content=\"https:\/\/fr6productions.com\/wp-content\/uploads\/2026\/01\/Capture-decran-2026-01-01-a-14.19.46.png\" \/>\n\t<meta property=\"og:image:width\" content=\"1060\" \/>\n\t<meta property=\"og:image:height\" content=\"542\" \/>\n\t<meta property=\"og:image:type\" content=\"image\/png\" \/>\n<meta name=\"twitter:card\" content=\"summary_large_image\" \/>\n<meta name=\"twitter:label1\" content=\"Est. reading time\" \/>\n\t<meta name=\"twitter:data1\" content=\"1 minute\" \/>\n<script type=\"application\/ld+json\" class=\"yoast-schema-graph\">{\"@context\":\"https:\/\/schema.org\",\"@graph\":[{\"@type\":\"WebPage\",\"@id\":\"https:\/\/fr6productions.com\/vea\/\",\"url\":\"https:\/\/fr6productions.com\/vea\/\",\"name\":\"VEA - FR6 Productions\",\"isPartOf\":{\"@id\":\"https:\/\/fr6productions.com\/#website\"},\"datePublished\":\"2025-12-11T18:26:53+00:00\",\"dateModified\":\"2026-01-07T18:11:39+00:00\",\"breadcrumb\":{\"@id\":\"https:\/\/fr6productions.com\/vea\/#breadcrumb\"},\"inLanguage\":\"en-US\",\"potentialAction\":[{\"@type\":\"ReadAction\",\"target\":[\"https:\/\/fr6productions.com\/vea\/\"]}]},{\"@type\":\"BreadcrumbList\",\"@id\":\"https:\/\/fr6productions.com\/vea\/#breadcrumb\",\"itemListElement\":[{\"@type\":\"ListItem\",\"position\":1,\"name\":\"Home\",\"item\":\"https:\/\/fr6productions.com\/\"},{\"@type\":\"ListItem\",\"position\":2,\"name\":\"VEA\"}]},{\"@type\":\"WebSite\",\"@id\":\"https:\/\/fr6productions.com\/#website\",\"url\":\"https:\/\/fr6productions.com\/\",\"name\":\"FR6 Productions\",\"description\":\"\",\"publisher\":{\"@id\":\"https:\/\/fr6productions.com\/#organization\"},\"potentialAction\":[{\"@type\":\"SearchAction\",\"target\":{\"@type\":\"EntryPoint\",\"urlTemplate\":\"https:\/\/fr6productions.com\/?s={search_term_string}\"},\"query-input\":{\"@type\":\"PropertyValueSpecification\",\"valueRequired\":true,\"valueName\":\"search_term_string\"}}],\"inLanguage\":\"en-US\"},{\"@type\":\"Organization\",\"@id\":\"https:\/\/fr6productions.com\/#organization\",\"name\":\"FR6 Productions\",\"url\":\"https:\/\/fr6productions.com\/\",\"logo\":{\"@type\":\"ImageObject\",\"inLanguage\":\"en-US\",\"@id\":\"https:\/\/fr6productions.com\/#\/schema\/logo\/image\/\",\"url\":\"https:\/\/fr6productions.com\/wp-content\/uploads\/2026\/01\/LOGO-FR6-e1768359655788.png\",\"contentUrl\":\"https:\/\/fr6productions.com\/wp-content\/uploads\/2026\/01\/LOGO-FR6-e1768359655788.png\",\"width\":1034,\"height\":584,\"caption\":\"FR6 Productions\"},\"image\":{\"@id\":\"https:\/\/fr6productions.com\/#\/schema\/logo\/image\/\"}}]}<\/script>\n<!-- \/ Yoast SEO plugin. -->","yoast_head_json":{"title":"VEA - FR6 Productions","robots":{"index":"index","follow":"follow","max-snippet":"max-snippet:-1","max-image-preview":"max-image-preview:large","max-video-preview":"max-video-preview:-1"},"canonical":"https:\/\/fr6productions.com\/en\/vea\/","og_locale":"en_US","og_type":"article","og_title":"VEA - FR6 Productions","og_description":"V.E.A. Ode \u00e0 la puret\u00e9 automobile Prestations Production vid\u00e9o &#8211; HERO Expertise Club Automobile L&rsquo;essence VEA, c\u2019est un club o\u00f9 [&hellip;]","og_url":"https:\/\/fr6productions.com\/en\/vea\/","og_site_name":"FR6 Productions","article_modified_time":"2026-01-07T18:11:39+00:00","og_image":[{"width":1060,"height":542,"url":"https:\/\/fr6productions.com\/wp-content\/uploads\/2026\/01\/Capture-decran-2026-01-01-a-14.19.46.png","type":"image\/png"}],"twitter_card":"summary_large_image","twitter_misc":{"Est. reading time":"1 minute"},"schema":{"@context":"https:\/\/schema.org","@graph":[{"@type":"WebPage","@id":"https:\/\/fr6productions.com\/vea\/","url":"https:\/\/fr6productions.com\/vea\/","name":"VEA - FR6 Productions","isPartOf":{"@id":"https:\/\/fr6productions.com\/#website"},"datePublished":"2025-12-11T18:26:53+00:00","dateModified":"2026-01-07T18:11:39+00:00","breadcrumb":{"@id":"https:\/\/fr6productions.com\/vea\/#breadcrumb"},"inLanguage":"en-US","potentialAction":[{"@type":"ReadAction","target":["https:\/\/fr6productions.com\/vea\/"]}]},{"@type":"BreadcrumbList","@id":"https:\/\/fr6productions.com\/vea\/#breadcrumb","itemListElement":[{"@type":"ListItem","position":1,"name":"Home","item":"https:\/\/fr6productions.com\/"},{"@type":"ListItem","position":2,"name":"VEA"}]},{"@type":"WebSite","@id":"https:\/\/fr6productions.com\/#website","url":"https:\/\/fr6productions.com\/","name":"FR6 Productions","description":"","publisher":{"@id":"https:\/\/fr6productions.com\/#organization"},"potentialAction":[{"@type":"SearchAction","target":{"@type":"EntryPoint","urlTemplate":"https:\/\/fr6productions.com\/?s={search_term_string}"},"query-input":{"@type":"PropertyValueSpecification","valueRequired":true,"valueName":"search_term_string"}}],"inLanguage":"en-US"},{"@type":"Organization","@id":"https:\/\/fr6productions.com\/#organization","name":"FR6 Productions","url":"https:\/\/fr6productions.com\/","logo":{"@type":"ImageObject","inLanguage":"en-US","@id":"https:\/\/fr6productions.com\/#\/schema\/logo\/image\/","url":"https:\/\/fr6productions.com\/wp-content\/uploads\/2026\/01\/LOGO-FR6-e1768359655788.png","contentUrl":"https:\/\/fr6productions.com\/wp-content\/uploads\/2026\/01\/LOGO-FR6-e1768359655788.png","width":1034,"height":584,"caption":"FR6 Productions"},"image":{"@id":"https:\/\/fr6productions.com\/#\/schema\/logo\/image\/"}}]}},"_links":{"self":[{"href":"https:\/\/fr6productions.com\/en\/wp-json\/wp\/v2\/pages\/1953","targetHints":{"allow":["GET"]}}],"collection":[{"href":"https:\/\/fr6productions.com\/en\/wp-json\/wp\/v2\/pages"}],"about":[{"href":"https:\/\/fr6productions.com\/en\/wp-json\/wp\/v2\/types\/page"}],"author":[{"embeddable":true,"href":"https:\/\/fr6productions.com\/en\/wp-json\/wp\/v2\/users\/1"}],"replies":[{"embeddable":true,"href":"https:\/\/fr6productions.com\/en\/wp-json\/wp\/v2\/comments?post=1953"}],"version-history":[{"count":22,"href":"https:\/\/fr6productions.com\/en\/wp-json\/wp\/v2\/pages\/1953\/revisions"}],"predecessor-version":[{"id":3060,"href":"https:\/\/fr6productions.com\/en\/wp-json\/wp\/v2\/pages\/1953\/revisions\/3060"}],"wp:attachment":[{"href":"https:\/\/fr6productions.com\/en\/wp-json\/wp\/v2\/media?parent=1953"}],"curies":[{"name":"wp","href":"https:\/\/api.w.org\/{rel}","templated":true}]}}